{"id":1876,"date":"2016-08-09T04:29:03","date_gmt":"2016-08-08T21:29:03","guid":{"rendered":"http:\/\/localhost\/hairsalon\/?page_id=1876"},"modified":"2025-10-17T15:11:32","modified_gmt":"2025-10-17T13:11:32","slug":"about-us","status":"publish","type":"page","link":"https:\/\/www.lesalondecharlotte.fr\/index.php\/about-us\/","title":{"rendered":"A propos de Nous"},"content":{"rendered":"<div class=\"wpb-content-wrapper\"><p>[vc_row][vc_column][vc_empty_space height=&#8221;100px&#8221;][\/vc_column][\/vc_row][vc_row][vc_column width=&#8221;1\/2&#8243; el_class=&#8221;col-width100&#8243;]<div class=\"thim-sc-heading  thim-font-family-tilte line-height-middle\" style = text-align:center; >\n\t<div class=\"sc-heading article_heading   \">\n\t<h3  class=\"heading_primary\">\n\t\n\t\t\t\t\t<span class=\"heading_secondary\" style=\"font-size:px; color:#A65D43; \">\n\t\t\t\t\t\tQui nous sommes?\n\t\t\t\t\t<\/span>\n<\/h3>\n<\/div>\n\n<div class=\"heading-des\"  style=\"font-size:17px; text-align:left; font-style:italic; padding:50px 0 0; \">Le Salon de Charlotte vous accueil dans un cadre contemporain, chaleureux et propice \u00e0 la d\u00e9tente, avec une \u00e9quipe soud\u00e9e et en place \u00e0 Roscoff depuis 14 ans pour Charlotte et Manon et 2 ans pour Alan.<\/div> \n\n\n<\/div>[vc_empty_space height=&#8221;23px&#8221;][vc_column_text css=&#8221;&#8221;]Le Salon est ouvert 6 jours sur 7, en journ\u00e9e continue.<\/p>\n<p>Charlotte, Manon et Alan seront la pour satisfaire vos demandes et faire de ce passage au salon un moment des plus agr\u00e9ables, gr\u00e2ce entre autre \u00e0 ses bacs \u00e0 shampooing massant.<\/p>\n<p>Toujours \u00e0 l\u2019aff\u00fbt des nouvelles techniques,et des derni\u00e8res tendances, l\u2019\u00e9quipe du Salon De Charlotte se forme tout au long de l\u2019ann\u00e9e afin de vous proposer un large choix de prestations.<\/p>\n<p>Le salon propose \u00e9galement des colorations 100\u00a0% v\u00e9g\u00e9tales ainsi que des soins profonds Bio certifi\u00e9s ECO CERT.<\/p>\n<p>Toujours dans une d\u00e9marche plus \u00e9cologique le salon est adh\u00e9rent d\u2019une association \u00ab\u00a0<a href=\"https:\/\/coiffeurs-justes.com\">coiffeurs justes<\/a>\u00a0\u00bb ,cette association permet de participer a la d\u00e9pollution des oc\u00e9ans gr\u00e2ce aux cheveux r\u00e9cup\u00e9r\u00e9s dans les salons adh\u00e9rents.<\/p>\n<p>IL NE RESTE PLUS QU\u2019A VENIR NOUS D\u00c9COUVRIR.[\/vc_column_text][\/vc_column][vc_column width=&#8221;1\/2&#8243; el_class=&#8221;col-width100&#8243;][vc_single_image image=&#8221;3576&#8243; img_size=&#8221;full&#8221; css=&#8221;&#8221;][vc_column_text css=&#8221;&#8221;]<\/p>\n<p style=\"text-align: center;\">Charlotte Seite, Alan et Manon<\/p>\n<p>[\/vc_column_text][\/vc_column][\/vc_row][vc_row disable_element=&#8221;yes&#8221;][vc_column width=&#8221;1\/2&#8243; el_class=&#8221;col-width100&#8243;]<div class=\"thim-sc-heading  thim-font-family-tilte line-height-middle\" style = text-align:center; >\n\t<div class=\"sc-heading article_heading   \">\n\t<h3  class=\"heading_primary\">\n\t\n\t\t\t\t\t<span class=\"heading_secondary\" style=\"font-size:px; \">\n\t\t\t\t\t\tQui nous sommes?\n\t\t\t\t\t<\/span>\n<\/h3>\n<\/div>\n\n<div class=\"heading-des\"  style=\"font-size:17px; text-align:left; font-style:italic; padding:50px 0 0; \">Le Salon de Charlotte vous accueil dans un cadre contemporain, chaleureux et propice \u00e0 la d\u00e9tente, avec une \u00e9quipe soud\u00e9e et en place \u00e0 Roscoff depuis 8 ans pour Charlotte et Manon et 5 ans pour Clara.<\/div> \n\n\n<\/div>[vc_empty_space height=&#8221;23px&#8221;][vc_column_text css=&#8221;&#8221;]Le Salon est ouvert 6 jours sur 7, en journ\u00e9e continue.<\/p>\n<p>Charlotte, Clara et Alan seront la pour satisfaire vos demandes et faire de ce passage au salon un moment des plus agr\u00e9ables, gr\u00e2ce entre autre \u00e0 ses bacs \u00e0 shampooing massant.<\/p>\n<p>Toujours \u00e0 l\u2019aff\u00fbt des nouvelles techniques,et des derni\u00e8res tendances, l\u2019\u00e9quipe du Salon De Charlotte se forme tout au long de l\u2019ann\u00e9e afin de vous proposer un large choix de prestations.<\/p>\n<p>Le salon propose \u00e9galement des colorations 100\u00a0% v\u00e9g\u00e9tales ainsi que des soins profonds Bio certifi\u00e9s ECO CERT.<\/p>\n<p>Toujours dans une d\u00e9marche plus \u00e9cologique le salon est adh\u00e9rent d\u2019une association \u00ab\u00a0<a href=\"https:\/\/coiffeurs-justes.com\">coiffeurs justes<\/a>\u00a0\u00bb ,cette association permet de participer a la d\u00e9pollution des oc\u00e9ans gr\u00e2ce aux cheveux r\u00e9cup\u00e9r\u00e9s dans les salons adh\u00e9rents.<\/p>\n<p>IL NE RESTE PLUS QU\u2019A VENIR NOUS D\u00c9COUVRIR.[\/vc_column_text][\/vc_column][vc_column width=&#8221;1\/2&#8243; el_class=&#8221;col-width100&#8243;][vc_gallery type=&#8221;flexslider_slide&#8221; interval=&#8221;3&#8243; images=&#8221;2879,2726,2876,2884,2893,3300&#8243; img_size=&#8221;full&#8221;][\/vc_column][\/vc_row][vc_row full_width=&#8221;stretch_row&#8221; parallax=&#8221;content-moving-fade&#8221; parallax_image=&#8221;3589&#8243; el_class=&#8221;disable-hidden&#8221;][vc_column][vc_empty_space height=&#8221;50px&#8221;]<div class=\"thim-sc-counter-box\"><div class=\"wrapper-counter-box\" style = border-color:#ffffff;  ><div class=\"counter-box-item\" style = border-color:#ffffff; >\n\t<div class=\"number\" style=\"color:#ffffff; \"><span class=\"counter-up\" data-number=\"1\">0<\/span><\/div>\n\t<div class=\"text\" style = color:#ffffff; >\n\tEmplacement<\/div>\n<\/div><div class=\"counter-box-item\" style = border-color:#ffffff; >\n\t<div class=\"number\" style=\"color:#ffffff; \"><span class=\"counter-up\" data-number=\"3\">0<\/span><\/div>\n\t<div class=\"text\" style = color:#ffffff; >\n\tPersonnel<\/div>\n<\/div><div class=\"counter-box-item\" style = border-color:#ffffff; >\n\t<div class=\"number\" style=\"color:#ffffff; \"><span class=\"counter-up\" data-number=\"21\">0<\/span><\/div>\n\t<div class=\"text\" style = color:#ffffff; >\n\tAnn\u00e9es<\/div>\n<\/div><\/div><\/div>[vc_empty_space height=&#8221;50px&#8221;][\/vc_column][\/vc_row][vc_row full_width=&#8221;stretch_row&#8221; disable_element=&#8221;yes&#8221; css=&#8221;.vc_custom_1760602785437{background-color: #eaeaea !important;}&#8221;][vc_column][vc_empty_space height=&#8221;48px&#8221;]<div class=\"thim-sc-heading  \" style = text-align:center; >\n\t<div class=\"sc-heading article_heading   \">\n\t<h3  class=\"heading_primary\">\n\t\n\t\t\t\t\t<span class=\"heading_secondary\" style=\"font-size:px; \">\n\t\t\t\t\t\tNotre equipe\n\t\t\t\t\t<\/span>\n<\/h3>\n<\/div>\n\n \n\n\n<\/div>[vc_empty_space height=&#8221;60px&#8221;][vc_column_text css=&#8221;&#8221;]<\/p>\n<h6 style=\"text-align: center;\"><strong>Charlotte Seite, Alan &amp; Clara<\/strong><\/h6>\n<p>[\/vc_column_text][vc_single_image image=&#8221;3549&#8243; img_size=&#8221;full&#8221; alignment=&#8221;center&#8221; css=&#8221;&#8221;][\/vc_column][vc_column][\/vc_column][\/vc_row][vc_row full_width=&#8221;stretch_row&#8221; disable_element=&#8221;yes&#8221; css=&#8221;.vc_custom_1760459275423{background-color: #eaeaea !important;}&#8221;][vc_column][vc_empty_space height=&#8221;48px&#8221;]<div class=\"thim-sc-heading  \" style = text-align:center; >\n\t<div class=\"sc-heading article_heading   \">\n\t<h3  class=\"heading_primary\">\n\t\n\t\t\t\t\t<span class=\"heading_secondary\" style=\"font-size:px; \">\n\t\t\t\t\t\tNotre equipe\n\t\t\t\t\t<\/span>\n<\/h3>\n<\/div>\n\n \n\n\n<\/div>[vc_empty_space height=&#8221;60px&#8221;][vc_empty_space height=&#8221;40px&#8221;][\/vc_column][vc_column]<div class=\"thim-sc-our-team  \"><ul class=\"list-our-team row\"><li class=\"col-sm-4\"><div class=\"content-list-our-team\"><div class=\"our-team-image\"><img loading=\"lazy\" decoding=\"async\" width=\"370\" height=\"370\" src=\"https:\/\/www.lesalondecharlotte.fr\/wp-content\/uploads\/2021\/02\/clara1.jpg\" class=\"attachment-our_team size-our_team\" alt=\"Alan\" title=\"Alan\" srcset=\"https:\/\/www.lesalondecharlotte.fr\/wp-content\/uploads\/2021\/02\/clara1.jpg 370w, https:\/\/www.lesalondecharlotte.fr\/wp-content\/uploads\/2021\/02\/clara1-300x300.jpg 300w, https:\/\/www.lesalondecharlotte.fr\/wp-content\/uploads\/2021\/02\/clara1-150x150.jpg 150w, https:\/\/www.lesalondecharlotte.fr\/wp-content\/uploads\/2021\/02\/clara1-100x100.jpg 100w, https:\/\/www.lesalondecharlotte.fr\/wp-content\/uploads\/2021\/02\/clara1-266x266.jpg 266w\" sizes=\"auto, (max-width: 370px) 100vw, 370px\" \/><\/div><div class=\"content-team\"><div class=\"our-team-info\"><h4 class=\"name\">Alan<\/h4><\/div><ul class=\"social-team\"><\/ul><\/div><\/div><\/li><li class=\"col-sm-4\"><div class=\"content-list-our-team\"><div class=\"our-team-image\"><img loading=\"lazy\" decoding=\"async\" width=\"370\" height=\"370\" src=\"https:\/\/www.lesalondecharlotte.fr\/wp-content\/uploads\/2021\/03\/charlotte_2.jpg\" class=\"attachment-our_team size-our_team\" alt=\"Charlotte Seite\" title=\"Charlotte Seite\" srcset=\"https:\/\/www.lesalondecharlotte.fr\/wp-content\/uploads\/2021\/03\/charlotte_2.jpg 370w, https:\/\/www.lesalondecharlotte.fr\/wp-content\/uploads\/2021\/03\/charlotte_2-300x300.jpg 300w, https:\/\/www.lesalondecharlotte.fr\/wp-content\/uploads\/2021\/03\/charlotte_2-150x150.jpg 150w, https:\/\/www.lesalondecharlotte.fr\/wp-content\/uploads\/2021\/03\/charlotte_2-100x100.jpg 100w, https:\/\/www.lesalondecharlotte.fr\/wp-content\/uploads\/2021\/03\/charlotte_2-266x266.jpg 266w\" sizes=\"auto, (max-width: 370px) 100vw, 370px\" \/><\/div><div class=\"content-team\"><div class=\"our-team-info\"><h4 class=\"name\">Charlotte Seite<\/h4><\/div><ul class=\"social-team\"><\/ul><\/div><\/div><\/li><li class=\"col-sm-4\"><div class=\"content-list-our-team\"><div class=\"our-team-image\"><img loading=\"lazy\" decoding=\"async\" width=\"370\" height=\"370\" src=\"https:\/\/www.lesalondecharlotte.fr\/wp-content\/uploads\/2021\/02\/clara1.jpg\" class=\"attachment-our_team size-our_team\" alt=\"Clara\" title=\"Clara\" srcset=\"https:\/\/www.lesalondecharlotte.fr\/wp-content\/uploads\/2021\/02\/clara1.jpg 370w, https:\/\/www.lesalondecharlotte.fr\/wp-content\/uploads\/2021\/02\/clara1-300x300.jpg 300w, https:\/\/www.lesalondecharlotte.fr\/wp-content\/uploads\/2021\/02\/clara1-150x150.jpg 150w, https:\/\/www.lesalondecharlotte.fr\/wp-content\/uploads\/2021\/02\/clara1-100x100.jpg 100w, https:\/\/www.lesalondecharlotte.fr\/wp-content\/uploads\/2021\/02\/clara1-266x266.jpg 266w\" sizes=\"auto, (max-width: 370px) 100vw, 370px\" \/><\/div><div class=\"content-team\"><div class=\"our-team-info\"><h4 class=\"name\">Clara<\/h4><\/div><ul class=\"social-team\"><\/ul><\/div><\/div><\/li><\/ul><\/div>[\/vc_column][\/vc_row]<\/p>\n<\/div>","protected":false},"excerpt":{"rendered":"<p>[vc_row][vc_column][vc_empty_space height=&#8221;100px&#8221;][\/vc_column][\/vc_row][vc_row][vc_column width=&#8221;1\/2&#8243; el_class=&#8221;col-width100&#8243;][vc_empty_space height=&#8221;23px&#8221;][vc_column_text css=&#8221;&#8221;]Le Salon est ouvert 6 jours sur 7, en journ\u00e9e continue. Charlotte, Manon et Alan&#8230;<\/p>\n","protected":false},"author":1,"featured_media":0,"parent":0,"menu_order":0,"comment_status":"closed","ping_status":"closed","template":"templates\/home-page.php","meta":{"footnotes":""},"class_list":["post-1876","page","type-page","status-publish","hentry"],"_links":{"self":[{"href":"https:\/\/www.lesalondecharlotte.fr\/index.php\/wp-json\/wp\/v2\/pages\/1876","targetHints":{"allow":["GET"]}}],"collection":[{"href":"https:\/\/www.lesalondecharlotte.fr\/index.php\/wp-json\/wp\/v2\/pages"}],"about":[{"href":"https:\/\/www.lesalondecharlotte.fr\/index.php\/wp-json\/wp\/v2\/types\/page"}],"author":[{"embeddable":true,"href":"https:\/\/www.lesalondecharlotte.fr\/index.php\/wp-json\/wp\/v2\/users\/1"}],"replies":[{"embeddable":true,"href":"https:\/\/www.lesalondecharlotte.fr\/index.php\/wp-json\/wp\/v2\/comments?post=1876"}],"version-history":[{"count":36,"href":"https:\/\/www.lesalondecharlotte.fr\/index.php\/wp-json\/wp\/v2\/pages\/1876\/revisions"}],"predecessor-version":[{"id":3596,"href":"https:\/\/www.lesalondecharlotte.fr\/index.php\/wp-json\/wp\/v2\/pages\/1876\/revisions\/3596"}],"wp:attachment":[{"href":"https:\/\/www.lesalondecharlotte.fr\/index.php\/wp-json\/wp\/v2\/media?parent=1876"}],"curies":[{"name":"wp","href":"https:\/\/api.w.org\/{rel}","templated":true}]}}