{"id":1896,"date":"2016-08-12T10:09:54","date_gmt":"2016-08-12T03:09:54","guid":{"rendered":"http:\/\/hairsalonwp.thimpress.com\/?page_id=1896"},"modified":"2025-10-17T14:47:17","modified_gmt":"2025-10-17T12:47:17","slug":"contact","status":"publish","type":"page","link":"https:\/\/www.lesalondecharlotte.fr\/index.php\/contact\/","title":{"rendered":"Contact"},"content":{"rendered":"<div class=\"wpb-content-wrapper\"><p>[vc_row][vc_column][vc_empty_space height=&#8221;95px&#8221;][\/vc_column][\/vc_row][vc_row][vc_column width=&#8221;1\/2&#8243;]<div class=\"thim-sc-heading  \" >\n\t<div class=\"sc-heading article_heading   \">\n\t<h3  style=\"font-size:36px; \" class=\"heading_primary\">\n\t\n\t\t\t\t\t<span class=\"heading_secondary\" style=\"font-size:36px; color:#A65D43; \">\n\t\t\t\t\t\tRestez en contact\n\t\t\t\t\t<\/span>\n<\/h3>\n<\/div>\n\n<div class=\"heading-des\"  style=\"font-size:16px; padding:52px 100px 0; \">Nous sommes \u00e9galement actifs sur les r\u00e9seaux sociaux. Vous pouvez nous trouver aux adresses ci-dessous.<\/div> \n\n\n<\/div>[vc_empty_space height=&#8221;17px&#8221;][vc_icon icon_fontawesome=&#8221;fa fa-map-marker&#8221; color=&#8221;custom&#8221; size=&#8221;sm&#8221; align=&#8221;center&#8221; css=&#8221;.vc_custom_1473656146673{margin-bottom: 10px !important;}&#8221; custom_color=&#8221;#db8d83&#8243;][vc_column_text css=&#8221;.vc_custom_1590073942629{margin-bottom: 12px !important;}&#8221;]<\/p>\n<p style=\"text-align: center; font-size: 16px;\">30 Rue de Kerhoret, 29680 Roscoff<\/p>\n<p>[\/vc_column_text][vc_icon icon_fontawesome=&#8221;fa fa-clock-o&#8221; color=&#8221;custom&#8221; size=&#8221;sm&#8221; align=&#8221;center&#8221; css=&#8221;.vc_custom_1473665197672{margin-bottom: 10px !important;}&#8221; custom_color=&#8221;#db8d83&#8243;][vc_column_text]<\/p>\n<p style=\"text-align: center; font-size: 16px;\">Nos horaires (Sur RDV seulement)<br \/>\nLun, Mer: 09:00-17:30<br \/>\nMar, Jeu: 09:00-18:30<br \/>\nVen: 09:00-19:00<br \/>\nSam: 08:30-15:30<\/p>\n<p style=\"text-align: center; font-size: 16px;\">T. <a class=\"thim-font-hover\" href=\"123456789\">02 98 19 55 26<\/a><br \/>\nE-mail. <a class=\"thim-font-hover\" href=\"mailto:rendezvous@lesalondecharlotte.fr\">rendezvous@lesalondecharlotte.fr<\/a>[\/vc_column_text]<ul class=\"thim-sc-social-link style-03\" style = text-align:center; ><li><a class=\"face\" href=\"https:\/\/www.facebook.com\/Le-salon-de-charlotte-568862523202386%20target=_blank\" title=\"Facebooks\"><i class=\"fa fa-facebook\"><\/i><\/a><\/li><li><a class=\"instagram\" href=\"https:\/\/www.instagram.com\/le_salon_de_charlotte\/\"  title=\"Instagram\"><i class=\"fa fa-instagram\"><\/i><\/a><\/li><\/ul>[vc_empty_space height=&#8221;35px&#8221;][\/vc_column][vc_column width=&#8221;1\/2&#8243; css=&#8221;.vc_custom_1471251513015{padding-right: 70px !important;}&#8221; el_class=&#8221;no-padding-block&#8221;]<div class=\"thim-sc-heading  \" >\n\t<div class=\"sc-heading article_heading   \">\n\t<h3  style=\"font-size:36px; \" class=\"heading_primary\">\n\t\n\t\t\t\t\t<span class=\"heading_secondary\" style=\"font-size:36px; color:#A65D43; \">\n\t\t\t\t\t\tEnvoyez nous un message\n\t\t\t\t\t<\/span>\n<\/h3>\n<\/div>\n\n<div class=\"heading-des\"  style=\"font-size:16px; padding:52px 30px 0; \">Avez-vous quelque chose \u00e0 nous dire? N&#039;h\u00e9sitez pas \u00e0 nous contacter via notre formulaire de contact.<\/div> \n\n\n<\/div>[vc_empty_space height=&#8221;18px&#8221;][vc_column_text]\n<div class=\"wpcf7 no-js\" id=\"wpcf7-f1903-o1\" lang=\"en-US\" dir=\"ltr\" data-wpcf7-id=\"1903\">\n<div class=\"screen-reader-response\"><p role=\"status\" aria-live=\"polite\" aria-atomic=\"true\"><\/p> <ul><\/ul><\/div>\n<form action=\"\/index.php\/wp-json\/wp\/v2\/pages\/1896#wpcf7-f1903-o1\" method=\"post\" class=\"wpcf7-form init\" aria-label=\"Contact form\" novalidate=\"novalidate\" data-status=\"init\">\n<fieldset class=\"hidden-fields-container\"><input type=\"hidden\" name=\"_wpcf7\" value=\"1903\" \/><input type=\"hidden\" name=\"_wpcf7_version\" value=\"6.1.5\" \/><input type=\"hidden\" name=\"_wpcf7_locale\" value=\"en_US\" \/><input type=\"hidden\" name=\"_wpcf7_unit_tag\" value=\"wpcf7-f1903-o1\" \/><input type=\"hidden\" name=\"_wpcf7_container_post\" value=\"0\" \/><input type=\"hidden\" name=\"_wpcf7_posted_data_hash\" value=\"\" \/><input type=\"hidden\" name=\"_wpcf7_recaptcha_response\" value=\"\" \/>\n<\/fieldset>\n<div class=\"contact-page\">\n\t<div class=\"row\">\n\t\t<div class=\"col-sm-6\">\n\t\t\t<p><span class=\"wpcf7-form-control-wrap\" data-name=\"your-name\"><input size=\"40\" maxlength=\"400\" class=\"wpcf7-form-control wpcf7-text wpcf7-validates-as-required\" aria-required=\"true\" aria-invalid=\"false\" placeholder=\"Nom et pr\u00e9nom*\" value=\"\" type=\"text\" name=\"your-name\" \/><\/span>\n\t\t\t<\/p>\n\t\t<\/div>\n\t\t<div class=\"col-sm-6\">\n\t\t\t<p><span class=\"wpcf7-form-control-wrap\" data-name=\"your-email\"><input size=\"40\" maxlength=\"400\" class=\"wpcf7-form-control wpcf7-email wpcf7-validates-as-required wpcf7-text wpcf7-validates-as-email\" aria-required=\"true\" aria-invalid=\"false\" placeholder=\"Votre e-mail*\" value=\"\" type=\"email\" name=\"your-email\" \/><\/span>\n\t\t\t<\/p>\n\t\t<\/div>\n\t<\/div>\n\t<div class=\"row\">\n\t\t<div class=\"col-sm-12\">\n\t\t\t<p><span class=\"wpcf7-form-control-wrap\" data-name=\"your-subject\"><input size=\"40\" maxlength=\"400\" class=\"wpcf7-form-control wpcf7-text wpcf7-validates-as-required\" aria-required=\"true\" aria-invalid=\"false\" placeholder=\"Sujet*\" value=\"\" type=\"text\" name=\"your-subject\" \/><\/span>\n\t\t\t<\/p>\n\t\t<\/div>\n\t<\/div>\n\t<div class=\"row\">\n\t\t<div class=\"col-sm-12\">\n\t\t\t<p><span class=\"wpcf7-form-control-wrap\" data-name=\"your-phone\"><input size=\"40\" maxlength=\"400\" class=\"wpcf7-form-control wpcf7-tel wpcf7-validates-as-required wpcf7-text wpcf7-validates-as-tel\" aria-required=\"true\" aria-invalid=\"false\" placeholder=\"T\u00e9l\u00e9phone*\" value=\"\" type=\"tel\" name=\"your-phone\" \/><\/span>\n\t\t\t<\/p>\n\t\t<\/div>\n\t<\/div>\n\t<div class=\"row\">\n\t\t<div class=\"col-sm-12\">\n\t\t\t<p><span class=\"wpcf7-form-control-wrap\" data-name=\"your-message\"><textarea cols=\"40\" rows=\"10\" maxlength=\"2000\" class=\"wpcf7-form-control wpcf7-textarea wpcf7-validates-as-required\" aria-required=\"true\" aria-invalid=\"false\" placeholder=\"Votre message*\" name=\"your-message\"><\/textarea><\/span>\n\t\t\t<\/p>\n\t\t<\/div>\n\t<\/div>\n\t<div class=\"row\">\n\t\t<div class=\"col-sm-12\">\n\t\t\t<p><span class=\"wpcf7-form-control-wrap\" data-name=\"RGPD\"><span class=\"wpcf7-form-control wpcf7-checkbox wpcf7-validates-as-required\"><span class=\"wpcf7-list-item first last\"><span class=\"wpcf7-list-item-label\">RGPD* (Cette case doit \u00eatre coch\u00e9e pour envoyer des messages.)<\/span><input type=\"checkbox\" name=\"RGPD[]\" value=\"RGPD* (Cette case doit \u00eatre coch\u00e9e pour envoyer des messages.)\" \/><\/span><\/span><\/span>\n\t\t\t<\/p>\n\t\t<\/div>\n\t<\/div>\n\t<div class=\"row\">\n\t\t<div class=\"col-sm-12\" style=\"text-align:left;\">\n\t\t<\/div>\n\t<\/div>\n\n\t<p><br \/>\n<input class=\"wpcf7-form-control wpcf7-submit has-spinner\" type=\"submit\" value=\"ENVOYER LE MESSAGE\" \/>\n\t<\/p>\n<\/div><div class=\"wpcf7-response-output\" aria-hidden=\"true\"><\/div>\n<\/form>\n<\/div>\n[\/vc_column_text][\/vc_column][\/vc_row][vc_row full_width=&#8221;stretch_row_content_no_spaces&#8221;][vc_column][vc_empty_space height=&#8221;35px&#8221;][vc_column_text]<div class=\"leaflet-map WPLeafletMap\" style=\"height:500px; width:100%;\"><\/div><script>\nwindow.WPLeafletMapPlugin = window.WPLeafletMapPlugin || [];\nwindow.WPLeafletMapPlugin.push(function WPLeafletMapShortcode() {\/*<script>*\/\nvar baseUrl = atob('aHR0cHM6Ly97c30udGlsZS5vcGVuc3RyZWV0bWFwLm9yZy97en0ve3h9L3t5fS5wbmc=');\nvar base = (!baseUrl && window.MQ) ?\n    window.MQ.mapLayer() : L.tileLayer(baseUrl,\n        L.Util.extend({}, {\n            detectRetina: 1,\n        },\n        {\"subdomains\":\"abc\",\"noWrap\":false,\"maxZoom\":20}        )\n    );\n    var options = L.Util.extend({}, {\n        layers: [base],\n        attributionControl: false\n    },\n    {\"zoomControl\":true,\"scrollWheelZoom\":false,\"doubleClickZoom\":true,\"fitBounds\":false,\"minZoom\":0,\"maxZoom\":20,\"maxBounds\":null,\"attribution\":\"<a href=\\\"http:\\\/\\\/leafletjs.com\\\" title=\\\"Una biblioteca JS para mapas interactivos\\\">Leaflet<\\\/a>; \\\\r\\\\n\\u00a9 <a href=\\\"http:\\\/\\\/www.openstreetmap.org\\\/copyright\\\">OpenStreetMap<\\\/a> colaboradores\"},\n    {});\nwindow.WPLeafletMapPlugin.createMap(options).setView([48.715511,-3.981296],16);});<\/script><br \/>\n<script>\nwindow.WPLeafletMapPlugin = window.WPLeafletMapPlugin || [];\nwindow.WPLeafletMapPlugin.push(function WPLeafletMarkerShortcode() {\/*<script>*\/\nvar map = window.WPLeafletMapPlugin.getCurrentMap();\nvar group = window.WPLeafletMapPlugin.getCurrentGroup();\nvar marker_options = window.WPLeafletMapPlugin.getIconOptions({});\nvar marker = L.marker(\n    [0,0],\n    marker_options\n);\nvar is_image = map.is_image_map;\n    marker.setLatLng( map.getCenter() );\nif (marker_options.draggable) {\n    marker.on('dragend', function () {\n        var latlng = this.getLatLng();\n        var lat = latlng.lat;\n        var lng = latlng.lng;\n        if (is_image) {\n            console.log('leaflet-marker y=' + lat + ' x=' + lng);\n        } else {\n            console.log('leaflet-marker lat=' + lat + ' lng=' + lng);\n        }\n    });\n}\nmarker.addTo( group );\nmarker.bindPopup(window.WPLeafletMapPlugin.unescape(' Le Salon de Charlotte\u00a0')).openPopup();window.WPLeafletMapPlugin.markers.push( marker );\n        });<\/script>[\/vc_column_text][\/vc_column][\/vc_row]<\/p>\n<\/div>","protected":false},"excerpt":{"rendered":"<p>[vc_row][vc_column][vc_empty_space height=&#8221;95px&#8221;][\/vc_column][\/vc_row][vc_row][vc_column width=&#8221;1\/2&#8243;][vc_empty_space height=&#8221;17px&#8221;][vc_icon icon_fontawesome=&#8221;fa fa-map-marker&#8221; color=&#8221;custom&#8221; size=&#8221;sm&#8221; align=&#8221;center&#8221; css=&#8221;.vc_custom_1473656146673{margin-bottom: 10px !important;}&#8221; custom_color=&#8221;#db8d83&#8243;][vc_column_text css=&#8221;.vc_custom_1590073942629{margin-bottom: 12px !important;}&#8221;] 30 Rue de Kerhoret,&#8230;<\/p>\n","protected":false},"author":1,"featured_media":0,"parent":0,"menu_order":0,"comment_status":"closed","ping_status":"closed","template":"","meta":{"footnotes":""},"class_list":["post-1896","page","type-page","status-publish","hentry"],"_links":{"self":[{"href":"https:\/\/www.lesalondecharlotte.fr\/index.php\/wp-json\/wp\/v2\/pages\/1896","targetHints":{"allow":["GET"]}}],"collection":[{"href":"https:\/\/www.lesalondecharlotte.fr\/index.php\/wp-json\/wp\/v2\/pages"}],"about":[{"href":"https:\/\/www.lesalondecharlotte.fr\/index.php\/wp-json\/wp\/v2\/types\/page"}],"author":[{"embeddable":true,"href":"https:\/\/www.lesalondecharlotte.fr\/index.php\/wp-json\/wp\/v2\/users\/1"}],"replies":[{"embeddable":true,"href":"https:\/\/www.lesalondecharlotte.fr\/index.php\/wp-json\/wp\/v2\/comments?post=1896"}],"version-history":[{"count":21,"href":"https:\/\/www.lesalondecharlotte.fr\/index.php\/wp-json\/wp\/v2\/pages\/1896\/revisions"}],"predecessor-version":[{"id":3595,"href":"https:\/\/www.lesalondecharlotte.fr\/index.php\/wp-json\/wp\/v2\/pages\/1896\/revisions\/3595"}],"wp:attachment":[{"href":"https:\/\/www.lesalondecharlotte.fr\/index.php\/wp-json\/wp\/v2\/media?parent=1896"}],"curies":[{"name":"wp","href":"https:\/\/api.w.org\/{rel}","templated":true}]}}