{"id":2283,"date":"2016-08-22T08:49:07","date_gmt":"2016-08-22T01:49:07","guid":{"rendered":"http:\/\/localhost\/hairsalon\/localhosthairsalon-2\/?page_id=2222"},"modified":"2025-10-14T18:34:48","modified_gmt":"2025-10-14T16:34:48","slug":"rendezvous","status":"publish","type":"page","link":"https:\/\/www.lesalondecharlotte.fr\/index.php\/rendezvous\/","title":{"rendered":"Rendez Vous"},"content":{"rendered":"<div class=\"wpb-content-wrapper\"><p>[vc_row][vc_column][vc_empty_space height=&#8221;55px&#8221;]<div class=\"thim-sc-heading  \" style = text-align:center; >\n\t<div class=\"sc-heading article_heading   \">\n\t<h3  style=\"font-size:36px; font-weight:bold; \" class=\"heading_primary\">\n\tPrendre un nouveau rendez-vous\n\t\t\t\t\t<span class=\"heading_secondary\" style=\"font-size:36px; \">\n\t\t\t\t\t\t\n\t\t\t\t\t<\/span>\n<\/h3>\n<\/div>\n\n \n\n\n<\/div>[vc_empty_space height=&#8221;50px&#8221;][\/vc_column][\/vc_row][vc_row][vc_column][vc_empty_space height=&#8221;50px&#8221;]<div class=\"thim-sc-video   \"><div class=\"image\"><\/div><div class=\"video-content\"><p class=\"watch\">Comment faire ?<\/p><a href=\"https:\/\/www.lesalondecharlotte.fr\/wp-content\/uploads\/2021\/06\/RendezVous.mp4\" class=\"toggle-video\"><\/a><\/div><\/div>[vc_empty_space height=&#8221;80px&#8221;][\/vc_column][\/vc_row][vc_row][vc_column][vc_empty_space height=&#8221;55px&#8221;][\/vc_column][\/vc_row][vc_row][vc_column][vc_column_text]<!--\nPlugin Name: Bookly - Responsive WordPress Appointment Booking and Scheduling Plugin\nPlugin URI: https:\/\/www.booking-wp-plugin.com\/?utm_source=bookly_admin&utm_medium=plugins_page&utm_campaign=plugins_page\nVersion: 27.2-->\n<style type=\"text\/css\">\n    :root {\n        --bookly-main-color: #a65d43 !important;\n        --bookly-color: #a65d43 !important;\n    }\n\n    <\/style><div class=\"bookly-css-root\">\n    <div id=\"bookly-form-container-69d6474fcdf62\" class=\"bookly-form\" data-form_id=\"\" aria-live=\"polite\">\n        <div style=\"text-align: center\"><img decoding=\"async\" src=\"https:\/\/www.lesalondecharlotte.fr\/wp-includes\/js\/tinymce\/skins\/lightgray\/img\/loader.gif\" alt=\"Chargement...\"\/><\/div>\n    <\/div>\n<\/div>\n<script type=\"text\/javascript\">\n    (function (win, fn) {\n        var done = false, top = true,\n            doc = win.document,\n            root = doc.documentElement,\n            modern = doc.addEventListener,\n            add = modern ? 'addEventListener' : 'attachEvent',\n            rem = modern ? 'removeEventListener' : 'detachEvent',\n            pre = modern ? '' : 'on',\n            init = function (e) {\n                if (e.type == 'readystatechange') if (doc.readyState != 'complete') return;\n                (e.type == 'load' ? win : doc)[rem](pre + e.type, init, false);\n                if (!done) {\n                    done = true;\n                    fn.call(win, e.type || e);\n                }\n            },\n            poll = function () {\n                try {\n                    root.doScroll('left');\n                } catch (e) {\n                    setTimeout(poll, 50);\n                    return;\n                }\n                init('poll');\n            };\n        if (doc.readyState == 'complete') fn.call(win, 'lazy');\n        else {\n            if (!modern) if (root.doScroll) {\n                try {\n                    top = !win.frameElement;\n                } catch (e) {\n                }\n                if (top) poll();\n            }\n            doc[add](pre + 'DOMContentLoaded', init, false);\n            doc[add](pre + 'readystatechange', init, false);\n            win[add](pre + 'load', init, false);\n        }\n    })(window, function () {\n        window.bookly( {\"form_id\":\"69d6474fcdf62\",\"form_data\":{\"skip_service_step\":0,\"hide_service_part1\":0,\"hide_service_part2\":0,\"defaults\":{\"service_id\":0,\"staff_id\":0,\"location_id\":0,\"category_id\":0,\"units\":0,\"date_from\":0,\"time_from\":0,\"time_to\":0}},\"status\":{\"booking\":\"new\"},\"form_token\":null,\"skip_steps\":{\"service_part1\":0,\"service_part2\":0,\"extras\":1,\"time\":0,\"repeat\":1,\"cart\":1},\"errors\":{\"session_error\":\"Erreur Session.\",\"form_id_error\":\"ID Formulaire d'erreur.\",\"cart_item_not_available\":\"L'heure s\\u00e9lectionn\\u00e9e n'est plus disponible. Veuillez choisir un autre cr\\u00e9neau horaire.\",\"pay_locally_not_available\":\"Le paiement local n'est pas disponible.\",\"invalid_gateway\":\"Portail invalide.\",\"payment_error\":\"Erreur.\",\"incorrect_username_password\":\"Identifiant ou mot de passe incorrect.\"},\"form_attributes\":{\"hide_categories\":false,\"hide_services\":false,\"hide_staff_members\":false,\"show_number_of_persons\":false,\"hide_service_duration\":true,\"hide_locations\":true,\"hide_quantity\":true,\"hide_date\":false,\"hide_week_days\":false,\"hide_time_range\":false},\"use_client_time_zone\":1,\"defaults\":{\"service_id\":0,\"staff_id\":0,\"location_id\":0,\"category_id\":0},\"datepicker_mode\":\"text-accent\",\"facebook\":{\"enabled\":1,\"appId\":\"\"}} );\n    });\n<\/script>[\/vc_column_text][vc_empty_space height=&#8221;35px&#8221; el_id=&#8221;video&#8221;][\/vc_column][\/vc_row][vc_row css=&#8221;.vc_custom_1760452991612{background-color: #405254 !important;}&#8221;][vc_column width=&#8221;1\/4&#8243;][vc_single_image image=&#8221;3546&#8243; img_size=&#8221;600px&#8221; alignment=&#8221;center&#8221; css=&#8221;.vc_custom_1760459683723{margin-bottom: 0px !important;}&#8221;][vc_empty_space height=&#8221;55px&#8221;][\/vc_column][vc_column width=&#8221;3\/4&#8243;][vc_column_text css=&#8221;.vc_custom_1760453447806{margin-top: 35px !important;}&#8221;]<\/p>\n<h3 style=\"text-align: center; color: #db895d;\"><strong>R\u00c9SERVATION PAR T\u00c9L\u00c9PHONE<\/strong><\/h3>\n<p style=\"text-align: center; margin-bottom: 40px; color: #db895d;\">Appelez-nous et l&#8217;un de nos repr\u00e9sentants \u00e0 la r\u00e9ception fera une r\u00e9servation pour vous en un rien de temps.<\/p>\n<p style=\"text-align: center; font-size: 30px;\"><a class=\"thim-font-hover\" style=\"color: #db895d; text-decoration: none;\" href=\"tel:0298195526\"><br \/>\n02 98 19 55 26<br \/>\n<\/a>[\/vc_column_text][\/vc_column][\/vc_row]<\/p>\n<\/div>","protected":false},"excerpt":{"rendered":"<p>[vc_row][vc_column][vc_empty_space height=&#8221;55px&#8221;][vc_empty_space height=&#8221;50px&#8221;][\/vc_column][\/vc_row][vc_row][vc_column][vc_empty_space height=&#8221;50px&#8221;][vc_empty_space height=&#8221;80px&#8221;][\/vc_column][\/vc_row][vc_row][vc_column][vc_empty_space height=&#8221;55px&#8221;][\/vc_column][\/vc_row][vc_row][vc_column][vc_column_text][\/vc_column_text][vc_empty_space height=&#8221;35px&#8221; el_id=&#8221;video&#8221;][\/vc_column][\/vc_row][vc_row css=&#8221;.vc_custom_1760452991612{background-color: #405254 !important;}&#8221;][vc_column width=&#8221;1\/4&#8243;][vc_single_image image=&#8221;3546&#8243; img_size=&#8221;600px&#8221; alignment=&#8221;center&#8221; css=&#8221;.vc_custom_1760459683723{margin-bottom: 0px !important;}&#8221;][vc_empty_space height=&#8221;55px&#8221;][\/vc_column][vc_column width=&#8221;3\/4&#8243;][vc_column_text&#8230;<\/p>\n","protected":false},"author":1,"featured_media":0,"parent":0,"menu_order":0,"comment_status":"closed","ping_status":"closed","template":"templates\/home-page.php","meta":{"footnotes":""},"class_list":["post-2283","page","type-page","status-publish","hentry"],"_links":{"self":[{"href":"https:\/\/www.lesalondecharlotte.fr\/index.php\/wp-json\/wp\/v2\/pages\/2283","targetHints":{"allow":["GET"]}}],"collection":[{"href":"https:\/\/www.lesalondecharlotte.fr\/index.php\/wp-json\/wp\/v2\/pages"}],"about":[{"href":"https:\/\/www.lesalondecharlotte.fr\/index.php\/wp-json\/wp\/v2\/types\/page"}],"author":[{"embeddable":true,"href":"https:\/\/www.lesalondecharlotte.fr\/index.php\/wp-json\/wp\/v2\/users\/1"}],"replies":[{"embeddable":true,"href":"https:\/\/www.lesalondecharlotte.fr\/index.php\/wp-json\/wp\/v2\/comments?post=2283"}],"version-history":[{"count":172,"href":"https:\/\/www.lesalondecharlotte.fr\/index.php\/wp-json\/wp\/v2\/pages\/2283\/revisions"}],"predecessor-version":[{"id":3552,"href":"https:\/\/www.lesalondecharlotte.fr\/index.php\/wp-json\/wp\/v2\/pages\/2283\/revisions\/3552"}],"wp:attachment":[{"href":"https:\/\/www.lesalondecharlotte.fr\/index.php\/wp-json\/wp\/v2\/media?parent=2283"}],"curies":[{"name":"wp","href":"https:\/\/api.w.org\/{rel}","templated":true}]}}