{"id":2796,"date":"2021-02-11T11:19:02","date_gmt":"2021-02-11T10:19:02","guid":{"rendered":"https:\/\/www.lesalondecharlotte.fr\/?page_id=2796"},"modified":"2022-04-25T10:33:09","modified_gmt":"2022-04-25T08:33:09","slug":"annulations","status":"publish","type":"page","link":"https:\/\/www.lesalondecharlotte.fr\/index.php\/annulations\/","title":{"rendered":"Annulations"},"content":{"rendered":"<div class=\"wpb-content-wrapper\"><p>[vc_row full_width=&#8221;stretch_row&#8221; css=&#8221;.vc_custom_1613044813805{margin-top: 0px !important;padding-top: 0px !important;}&#8221;][vc_column][vc_empty_space height=&#8221;40px&#8221;][vc_row_inner el_class=&#8221;home-box-three&#8221;][vc_column_inner el_class=&#8221;col-width50&#8243; width=&#8221;1\/3&#8243;]<div class=\"thim-sc-heading  \" >\n\t<div class=\"sc-heading article_heading   \">\n\t<h3  class=\"heading_primary\">\n\t\n\t\t\t\t\t<span class=\"heading_secondary\" style=\"font-size:px; color:#c41d07; \">\n\t\t\t\t\t\tProcessus d'annulation\n\t\t\t\t\t<\/span>\n<\/h3>\n<\/div>\n\n<div class=\"heading-des\"  style=\"text-align:left; padding:30px 30px 0; \">Si vous devez annuler votre r\u00e9servation, veuillez nous joindre par t\u00e9l\u00e9phone.<\/div> \n\n\n<\/div>[vc_text_separator title=&#8221;Ou&#8221; color=&#8221;custom&#8221; style=&#8221;shadow&#8221; accent_color=&#8221;#dd3333&#8243; css=&#8221;.vc_custom_1650875410327{padding-top: 30px !important;}&#8221;][vc_column_text]<\/p>\n<p style=\"text-align: justify;\">Vous pouvez annuler vos rendez-vous directement en acc\u00e9dant au menu Mon Compte &#8211; Annulations et en appuyant sur le bouton Annuler de ce rendez-vous. Veuillez annuler avec suffisamment de temps pour ne pas nuire au temps r\u00e9serv\u00e9.<\/p>\n<p>[\/vc_column_text][\/vc_column_inner][vc_column_inner el_class=&#8221;col-width50&#8243; width=&#8221;1\/3&#8243; css=&#8221;.vc_custom_1613045034735{padding-top: 0px !important;}&#8221;][vc_single_image image=&#8221;2718&#8243; img_size=&#8221;full&#8221; alignment=&#8221;center&#8221; el_class=&#8221;height-img&#8221;][\/vc_column_inner][vc_column_inner el_class=&#8221;col-width100&#8243; width=&#8221;1\/3&#8243; css=&#8221;.vc_custom_1613046002613{padding-top: 0px !important;}&#8221;][vc_column_text css=&#8221;.vc_custom_1613045971451{margin-top: 20px !important;}&#8221;]<\/p>\n<div style=\"background-color: #eaeaea;\">\n<p>&nbsp;<\/p>\n<p style=\"font-size: 18px; text-align: center; background-color: #eaeaea;\">Nos horaires<br \/>\nLun, Mer: 09:00-17:30<br \/>\nMar, Jeu: 09:00-18:30<br \/>\nVen: 09:00-19:00<br \/>\nSam: 08:30-15:30<\/p>\n<p style=\"font-size: 20px; text-align: center;\"><strong>T. 02 98 19 55 26<\/strong><\/p>\n<p>&nbsp;<\/p>\n<\/div>\n<p>[\/vc_column_text][\/vc_column_inner][\/vc_row_inner][vc_empty_space height=&#8221;40px&#8221;][\/vc_column][\/vc_row]<\/p>\n<\/div>","protected":false},"excerpt":{"rendered":"<p>[vc_row full_width=&#8221;stretch_row&#8221; css=&#8221;.vc_custom_1613044813805{margin-top: 0px !important;padding-top: 0px !important;}&#8221;][vc_column][vc_empty_space height=&#8221;40px&#8221;][vc_row_inner el_class=&#8221;home-box-three&#8221;][vc_column_inner el_class=&#8221;col-width50&#8243; width=&#8221;1\/3&#8243;][vc_text_separator title=&#8221;Ou&#8221; color=&#8221;custom&#8221; style=&#8221;shadow&#8221; accent_color=&#8221;#dd3333&#8243; css=&#8221;.vc_custom_1650875410327{padding-top: 30px !important;}&#8221;][vc_column_text] Vous pouvez&#8230;<\/p>\n","protected":false},"author":2,"featured_media":0,"parent":0,"menu_order":0,"comment_status":"closed","ping_status":"closed","template":"","meta":{"footnotes":""},"class_list":["post-2796","page","type-page","status-publish","hentry"],"_links":{"self":[{"href":"https:\/\/www.lesalondecharlotte.fr\/index.php\/wp-json\/wp\/v2\/pages\/2796","targetHints":{"allow":["GET"]}}],"collection":[{"href":"https:\/\/www.lesalondecharlotte.fr\/index.php\/wp-json\/wp\/v2\/pages"}],"about":[{"href":"https:\/\/www.lesalondecharlotte.fr\/index.php\/wp-json\/wp\/v2\/types\/page"}],"author":[{"embeddable":true,"href":"https:\/\/www.lesalondecharlotte.fr\/index.php\/wp-json\/wp\/v2\/users\/2"}],"replies":[{"embeddable":true,"href":"https:\/\/www.lesalondecharlotte.fr\/index.php\/wp-json\/wp\/v2\/comments?post=2796"}],"version-history":[{"count":74,"href":"https:\/\/www.lesalondecharlotte.fr\/index.php\/wp-json\/wp\/v2\/pages\/2796\/revisions"}],"predecessor-version":[{"id":3372,"href":"https:\/\/www.lesalondecharlotte.fr\/index.php\/wp-json\/wp\/v2\/pages\/2796\/revisions\/3372"}],"wp:attachment":[{"href":"https:\/\/www.lesalondecharlotte.fr\/index.php\/wp-json\/wp\/v2\/media?parent=2796"}],"curies":[{"name":"wp","href":"https:\/\/api.w.org\/{rel}","templated":true}]}}