{"id":9,"date":"2016-08-02T15:41:52","date_gmt":"2016-08-02T08:41:52","guid":{"rendered":"http:\/\/hairsalonwp.thimpress.com\/?page_id=9"},"modified":"2025-10-17T14:42:59","modified_gmt":"2025-10-17T12:42:59","slug":"home","status":"publish","type":"page","link":"https:\/\/www.lesalondecharlotte.fr\/","title":{"rendered":"Accueil"},"content":{"rendered":"<div class=\"wpb-content-wrapper\"><p>[vc_row full_width=&#8221;stretch_row&#8221; video_bg=&#8221;yes&#8221; video_bg_url=&#8221;https:\/\/www.youtube.com\/watch?v=YaGcEDwcJ7c&#8221; css=&#8221;.vc_custom_1760347836833{margin-bottom: 0px !important;padding-bottom: 0px !important;}&#8221; min_height=&#8221;100vh&#8221;][vc_column][\/vc_column][\/vc_row][vc_row full_width=&#8221;stretch_row&#8221; css=&#8221;.vc_custom_1760449280468{background-color: #ffffff !important;}&#8221;][vc_column][vc_empty_space height=&#8221;40px&#8221;][vc_row_inner content_placement=&#8221;top&#8221; css=&#8221;.vc_custom_1760449380046{background-color: #ffffff !important;}&#8221; el_class=&#8221;home-box-three&#8221;][vc_column_inner el_class=&#8221;col-width50&#8243; width=&#8221;1\/3&#8243; css=&#8221;.vc_custom_1760449607235{margin-top: -30px !important;}&#8221;][vc_single_image image=&#8221;3529&#8243; img_size=&#8221;600px&#8221; alignment=&#8221;center&#8221; css=&#8221;.vc_custom_1760449492094{margin-bottom: 90px !important;}&#8221; el_class=&#8221;height-img&#8221;][\/vc_column_inner][vc_column_inner el_class=&#8221;col-width50&#8243; width=&#8221;1\/3&#8243; css=&#8221;.vc_custom_1760449685167{margin-bottom: 10px !important;padding-top: 0px !important;}&#8221;]<div class=\"thim-sc-heading  \" style = text-align:left; >\n\t<div class=\"sc-heading article_heading  white \">\n\t<h3  style=\"color:#A65D43; \" class=\"heading_primary\">\n\t\n\t\t\t\t\t<span class=\"heading_secondary\" style=\"font-size:px; color:#A65D43; \">\n\t\t\t\t\t\tBienvenue au Salon de Charlotte\n\t\t\t\t\t<\/span>\n<\/h3>\n<\/div>\n\n<div class=\"heading-des\"  style=\"color:#DB895D; text-align:left; \">Le salon de Charlotte, votre coiffeur \u00e0 Roscoff. Trouvez un accueil chaleureux au sein du salon de coiffure mixte, Le salon de Charlotte se trouve pr\u00e8s de la gare Maritime. Des passionn\u00e9s de la coiffure, nos coiffeurs visagistes vous proposent un grand choix de coupes de cheveux et de soins \u00e0 destination des hommes, des femmes mais aussi des enfants...<\/div> \n<div class=\"heading-button\"><a href=\"https:\/\/www.lesalondecharlotte.fr\/index.php\/about-us\/\">D\u00e9couvrir Plus<\/a><\/div>\n\n<\/div>[vc_empty_space height=&#8221;40px&#8221;][\/vc_column_inner][vc_column_inner el_class=&#8221;col-width100&#8243; width=&#8221;1\/3&#8243; css=&#8221;.vc_custom_1760445413026{margin-top: -90px !important;padding-top: 0px !important;}&#8221;]<div class=\"thim-sc-textbox white   \" style = background-color:#405254; ><div class=\"box-inner\"><div class=\"thim-sc-heading  \" style = text-align:center; >\n\t<div class=\"sc-heading article_heading  white \">\n\t<h3  class=\"heading_primary\">\n\tNos horaires\n\t\t\t\t\t<span class=\"heading_secondary\" style=\"font-size:px; \">\n\t\t\t\t\t\t\n\t\t\t\t\t<\/span>\n<\/h3>\n<\/div>\n\n \n\n\n<\/div><div class=\"content\"><p><\/p>\n<h6 style=\"text-align: center; color: #DB895D;\">(Sur RDV seulement)<\/h6>\n<h5 style=\"text-align: center; color: #DB895D;\">Lundi &#8211; Mercredi<\/h5>\n<p style=\"text-align: center; color: #DB895D;\"><strong>09:00 &#8211; 17:30<\/strong><\/p>\n<h5 style=\"text-align: center; color: #DB895D;\">Mardi &#8211; Jeudi<\/h5>\n<p style=\"text-align: center; color: #DB895D;\"><strong>09:00 &#8211; 18:30<\/strong><\/p>\n<h5 style=\"text-align: center; color: #DB895D;\">Vendredi<\/h5>\n<p style=\"text-align: center; color: #DB895D;\"><strong>09:00 &#8211; 19:00<\/strong><\/p>\n<h5 style=\"text-align: center; color: #DB895D;\">Samedi<\/h5>\n<p style=\"text-align: center; color: #DB895D;\"><strong>08:30 &#8211; 15:30<\/strong><\/p>\n<p><\/p><\/div><\/div><\/div>[\/vc_column_inner][\/vc_row_inner][vc_empty_space height=&#8221;65px&#8221;][\/vc_column][\/vc_row][vc_row full_width=&#8221;stretch_row_content_no_spaces&#8221; disable_element=&#8221;yes&#8221; css=&#8221;.vc_custom_1612432855908{background-color: #ffffff !important;}&#8221;][vc_column]<div class=\"thim-sc-video   \"><div class=\"image\"><div class=\"media\"><img decoding=\"async\" src=\"https:\/\/www.lesalondecharlotte.fr\/wp-content\/uploads\/2016\/08\/hairsalon-cover-video.jpg\" alt=\"hairsalon-cover-video\" \/><\/div><\/div><div class=\"video-content\"><h3>Avant et apr\u00e8s<\/h3><p class=\"watch\">regardez la vid\u00e9o<\/p><a href=\"https:\/\/player.vimeo.com\/video\/103522138?color=ff9933&amp;autoplay=1\" class=\"toggle-video\"><\/a><\/div><\/div>[\/vc_column][\/vc_row][vc_row full_width=&#8221;stretch_row&#8221; css=&#8221;.vc_custom_1612433235009{background-color: #eaeaea !important;}&#8221;][vc_column][vc_empty_space height=&#8221;60px&#8221;]<div class=\"thim-sc-heading  \" style = text-align:center; >\n\t<div class=\"sc-heading article_heading   \">\n\t<h3  class=\"heading_primary\">\n\t\n\t\t\t\t\t<span class=\"heading_secondary\" style=\"font-size:px; color:#A65D43; \">\n\t\t\t\t\t\tNos Services\n\t\t\t\t\t<\/span>\n<\/h3>\n<\/div>\n\n \n\n\n<\/div>[vc_empty_space height=&#8221;60px&#8221;][vc_row_inner][vc_column_inner width=&#8221;1\/2&#8243;]<div class=\"thim-sc-services  class1 flexbox \" style=\"height: 370px;\"><div class=\"row background\"><div class=\"col-md-12\"><div style=\"background-image: url(https:\/\/www.lesalondecharlotte.fr\/wp-content\/uploads\/2021\/06\/foto_1_370.jpg)\"><\/div><\/div><\/div><div class=\"box-content\" style=\"border-width: 0px;\"><h3>Coupes<\/h3><ul class=\"list-group\"><li class=\"list-group-item\"><span class=\"name\">Femmes<\/span><span class=\"price badge\">\u00e0 partir de 36\u20ac<\/span><\/li><li class=\"list-group-item\"><span class=\"name\">Hommes<\/span><span class=\"price badge\">\u00e0 partir de 23\u20ac<\/span><\/li><li class=\"list-group-item\"><span class=\"name\">Enfants (jusqu'\u00e0 de 12 ans)<\/span><span class=\"price badge\">\u00e0 partir de 12\u20ac<\/span><\/li><\/ul><\/div><\/div>[\/vc_column_inner][vc_column_inner width=&#8221;1\/2&#8243;]<div class=\"thim-sc-services  class1 flexbox \" style=\"height: 370px;\"><div class=\"row background\"><div class=\"col-md-12\"><div style=\"background-image: url(https:\/\/www.lesalondecharlotte.fr\/wp-content\/uploads\/2021\/06\/foto_2_370.jpg)\"><\/div><\/div><\/div><div class=\"box-content\" style=\"border-width: 0px;\"><h3>100% V\u00e9g\u00e9tale<\/h3><ul class=\"list-group\"><li class=\"list-group-item\"><span class=\"name\">Coloration<\/span><span class=\"price badge\">\u00e0 partir de 70\u20ac<\/span><\/li><li class=\"list-group-item\"><span class=\"name\">Ton Sur Ton<\/span><span class=\"price badge\">\u00e0 partir de 70\u20ac<\/span><\/li><li class=\"list-group-item\"><span class=\"name\">Soin Bio<\/span><span class=\"price badge\">\u00e0 partir de 15\u20ac<\/span><\/li><\/ul><\/div><\/div>[\/vc_column_inner][\/vc_row_inner][vc_empty_space height=&#8221;20px&#8221;][vc_row_inner][vc_column_inner width=&#8221;1\/2&#8243;]<div class=\"thim-sc-services  class1 flexbox \" style=\"height: 370px;\"><div class=\"row background\"><div class=\"col-md-12\"><div style=\"background-image: url(https:\/\/www.lesalondecharlotte.fr\/wp-content\/uploads\/2016\/09\/bg-services-2.jpg)\"><\/div><\/div><\/div><div class=\"box-content\" style=\"border-width: 0px;\"><h3>Techniques<\/h3><ul class=\"list-group\"><li class=\"list-group-item\"><span class=\"name\">Colororation sans ammoniaque<\/span><span class=\"price badge\">\u00e0 partir de 34\u20ac<\/span><\/li><li class=\"list-group-item\"><span class=\"name\">M\u00e8ches<\/span><span class=\"price badge\">\u00e0 partir de 25\u20ac<\/span><\/li><li class=\"list-group-item\"><span class=\"name\">Balayage<\/span><span class=\"price badge\">\u00e0 partir de 25\u20ac<\/span><\/li><li class=\"list-group-item\"><span class=\"name\">Ombre<\/span><span class=\"price badge\">\u00e0 partir de 50\u20ac<\/span><\/li><li class=\"list-group-item\"><span class=\"name\">Permanente<\/span><span class=\"price badge\">\u00e0 partir de 38\u20ac<\/span><\/li><\/ul><\/div><\/div>[\/vc_column_inner][vc_column_inner width=&#8221;1\/2&#8243;]<div class=\"thim-sc-services  class1 flexbox \" style=\"height: 370px;\"><div class=\"row background\"><div class=\"col-md-12\"><div style=\"background-image: url(https:\/\/www.lesalondecharlotte.fr\/wp-content\/uploads\/2021\/06\/foto_2_370.jpg)\"><\/div><\/div><\/div><div class=\"box-content\" style=\"border-width: 0px;\"><h3>Chignons<\/h3><ul class=\"list-group\"><li class=\"list-group-item\"><span class=\"name\">Coiffure pour c\u00e9r\u00e9monie<\/span><span class=\"price badge\">\u00e0 partir de 70\u20ac<\/span><\/li><li class=\"list-group-item\"><span class=\"name\">Coiffure pour occasion particuli\u00e8re<\/span><span class=\"price badge\">\u00e0 partir de 70\u20ac<\/span><\/li><li class=\"list-group-item\"><span class=\"name\">Tresses<\/span><span class=\"price badge\">\u00e0 partir de 15\u20ac<\/span><\/li><li class=\"list-group-item\"><span class=\"name\">Chignons travaill\u00e9s Boh\u00e8me<\/span><span class=\"price badge\">\u00e0 partir de 30\u20ac<\/span><\/li><li class=\"list-group-item\"><span class=\"name\">Forfait Mari\u00e9e (essaie + Jour J)<\/span><span class=\"price badge\">\u00e0 partir de 120\u20ac<\/span><\/li><\/ul><\/div><\/div>[\/vc_column_inner][\/vc_row_inner][vc_empty_space height=&#8221;97px&#8221;][\/vc_column][\/vc_row][vc_row full_width=&#8221;stretch_row_content_no_spaces&#8221; disable_element=&#8221;yes&#8221;][vc_column]<div class=\"thim-testimonial-slider no-mask\"  style=\"background-image: url(https:\/\/www.lesalondecharlotte.fr\/wp-content\/uploads\/2016\/08\/hairsalon-client-mask.jpg)\" data-stellar-background-ratio=\"0.5\"><div class=\"thim-sc-heading  \" style = text-align:center; >\n\t<div class=\"sc-heading article_heading   \">\n\t<h3  class=\"heading_primary\">\n\tQue disent les gens?\n\t\t\t\t\t<span class=\"heading_secondary\" style=\"font-size:px; \">\n\t\t\t\t\t\t\n\t\t\t\t\t<\/span>\n<\/h3>\n<\/div>\n\n \n\n\n<\/div><span class=\"icon-quote\"><\/span><\/div>[\/vc_column][\/vc_row]<\/p>\n<\/div>","protected":false},"excerpt":{"rendered":"<p>[vc_row full_width=&#8221;stretch_row&#8221; video_bg=&#8221;yes&#8221; video_bg_url=&#8221;https:\/\/www.youtube.com\/watch?v=YaGcEDwcJ7c&#8221; css=&#8221;.vc_custom_1760347836833{margin-bottom: 0px !important;padding-bottom: 0px !important;}&#8221; min_height=&#8221;100vh&#8221;][vc_column][\/vc_column][\/vc_row][vc_row full_width=&#8221;stretch_row&#8221; css=&#8221;.vc_custom_1760449280468{background-color: #ffffff !important;}&#8221;][vc_column][vc_empty_space height=&#8221;40px&#8221;][vc_row_inner content_placement=&#8221;top&#8221; css=&#8221;.vc_custom_1760449380046{background-color: #ffffff !important;}&#8221; el_class=&#8221;home-box-three&#8221;][vc_column_inner&#8230;<\/p>\n","protected":false},"author":1,"featured_media":62,"parent":0,"menu_order":0,"comment_status":"closed","ping_status":"closed","template":"templates\/home-page.php","meta":{"footnotes":""},"class_list":["post-9","page","type-page","status-publish","has-post-thumbnail","hentry"],"_links":{"self":[{"href":"https:\/\/www.lesalondecharlotte.fr\/index.php\/wp-json\/wp\/v2\/pages\/9","targetHints":{"allow":["GET"]}}],"collection":[{"href":"https:\/\/www.lesalondecharlotte.fr\/index.php\/wp-json\/wp\/v2\/pages"}],"about":[{"href":"https:\/\/www.lesalondecharlotte.fr\/index.php\/wp-json\/wp\/v2\/types\/page"}],"author":[{"embeddable":true,"href":"https:\/\/www.lesalondecharlotte.fr\/index.php\/wp-json\/wp\/v2\/users\/1"}],"replies":[{"embeddable":true,"href":"https:\/\/www.lesalondecharlotte.fr\/index.php\/wp-json\/wp\/v2\/comments?post=9"}],"version-history":[{"count":156,"href":"https:\/\/www.lesalondecharlotte.fr\/index.php\/wp-json\/wp\/v2\/pages\/9\/revisions"}],"predecessor-version":[{"id":3593,"href":"https:\/\/www.lesalondecharlotte.fr\/index.php\/wp-json\/wp\/v2\/pages\/9\/revisions\/3593"}],"wp:featuredmedia":[{"embeddable":true,"href":"https:\/\/www.lesalondecharlotte.fr\/index.php\/wp-json\/wp\/v2\/media\/62"}],"wp:attachment":[{"href":"https:\/\/www.lesalondecharlotte.fr\/index.php\/wp-json\/wp\/v2\/media?parent=9"}],"curies":[{"name":"wp","href":"https:\/\/api.w.org\/{rel}","templated":true}]}}